{"id":1453,"date":"2021-01-30T11:12:41","date_gmt":"2021-01-30T14:12:41","guid":{"rendered":"https:\/\/rbkpositivo.com.br\/?page_id=1453"},"modified":"2024-05-21T11:37:34","modified_gmt":"2024-05-21T14:37:34","slug":"contato","status":"publish","type":"page","link":"https:\/\/rbkpositivo.com.br\/?page_id=1453","title":{"rendered":"Contato"},"content":{"rendered":"<h4>Hor\u00e1rio de funcionamento<\/h4>\n<p>Segunda a Sexta &#8211; Das 8H as 18HSabado e Domingo &#8211; Fechado<\/p>\n<h4><a href=\"#map\"><br \/>\n                        Nosso endere\u00e7o                        <\/a><\/h4>\n<p>Endere\u00e7o: Av. Duque de Caxias, 882 &#8211; Zona 01, Maring\u00e1 &#8211; PR, 87020-025<a href=\"#map\"><br \/>\n                Veja no Mapa<br \/>\n                <\/a><a href=\"#map\"\n               ><br \/>\n                <\/a><\/p>\n<h4>Contato<\/h4>\n<p>Telephone: <a href=\"tel:0800 006 1099\">+0800 006 1099<\/a>Email: <a href=\"mailto:contato@rbkpositivo.com.br\">contato@rbkpositivo.com.br<\/a><!-- \/.sc_icons --><br \/>\n\t\t\t\t\t\t\t\t\t\t\t\t<img decoding=\"async\" width=\"1132\" height=\"1334\" src=\"http:\/\/rbkpositivo.com.br\/wp-content\/uploads\/2022\/01\/full-width-right.png\" alt=\"\" loading=\"lazy\" srcset=\"https:\/\/rbkpositivo.com.br\/wp-content\/uploads\/2022\/01\/full-width-right.png 1132w, https:\/\/rbkpositivo.com.br\/wp-content\/uploads\/2022\/01\/full-width-right-600x707.png 600w, https:\/\/rbkpositivo.com.br\/wp-content\/uploads\/2022\/01\/full-width-right-255x300.png 255w, https:\/\/rbkpositivo.com.br\/wp-content\/uploads\/2022\/01\/full-width-right-869x1024.png 869w, https:\/\/rbkpositivo.com.br\/wp-content\/uploads\/2022\/01\/full-width-right-768x905.png 768w, https:\/\/rbkpositivo.com.br\/wp-content\/uploads\/2022\/01\/full-width-right-370x436.png 370w, https:\/\/rbkpositivo.com.br\/wp-content\/uploads\/2022\/01\/full-width-right-840x990.png 840w, https:\/\/rbkpositivo.com.br\/wp-content\/uploads\/2022\/01\/full-width-right-410x483.png 410w\" sizes=\"auto, (max-width: 1132px) 100vw, 1132px\" \/><br \/>\n\t\t\t\t\t\t\t\t\t\t\t\t<img decoding=\"async\" width=\"1132\" height=\"1334\" src=\"http:\/\/rbkpositivo.com.br\/wp-content\/uploads\/2022\/01\/full-width-left.png\" alt=\"\" loading=\"lazy\" srcset=\"https:\/\/rbkpositivo.com.br\/wp-content\/uploads\/2022\/01\/full-width-left.png 1132w, https:\/\/rbkpositivo.com.br\/wp-content\/uploads\/2022\/01\/full-width-left-600x707.png 600w, https:\/\/rbkpositivo.com.br\/wp-content\/uploads\/2022\/01\/full-width-left-255x300.png 255w, https:\/\/rbkpositivo.com.br\/wp-content\/uploads\/2022\/01\/full-width-left-869x1024.png 869w, https:\/\/rbkpositivo.com.br\/wp-content\/uploads\/2022\/01\/full-width-left-768x905.png 768w, https:\/\/rbkpositivo.com.br\/wp-content\/uploads\/2022\/01\/full-width-left-370x436.png 370w, https:\/\/rbkpositivo.com.br\/wp-content\/uploads\/2022\/01\/full-width-left-840x990.png 840w, https:\/\/rbkpositivo.com.br\/wp-content\/uploads\/2022\/01\/full-width-left-410x483.png 410w\" sizes=\"auto, (max-width: 1132px) 100vw, 1132px\" \/><br \/>\n\t\t\t<iframe\n\t\t\t\t\t\tsrc=\"https:\/\/maps.google.com\/maps?t=m&#038;output=embed&#038;iwloc=near&#038;z=17&#038;q=Av.+Duque+de+Caxias%2C+882+-+Zona+01%2C+Maring%C3%A1+-+PR%2C+87020-025\"\n\t\t\t\t\t\taria-label=\"\"><\/iframe><\/p>\n<style type=\"text\/css\">.trx_addons_inline_1820185978{width:100%;height:800px;}<\/style>\n<p>\t\t\tFALE COM A RBK<\/p>\n<h1\n\t\t\t>Tem alguma d\u00favida? Contate-nos.<\/h1>\n<p role=\"status\" aria-live=\"polite\" aria-atomic=\"true\">\n<ul><\/ul>\n<form action=\"\/wp-admin\/admin-ajax.php#wpcf7-f1266-o1\" method=\"post\" aria-label=\"Contact form\" novalidate=\"novalidate\" data-status=\"init\">\n<input type=\"hidden\" name=\"_wpcf7\" value=\"1266\" \/><br \/>\n<input type=\"hidden\" name=\"_wpcf7_version\" value=\"5.7.5.1\" \/><br \/>\n<input type=\"hidden\" name=\"_wpcf7_locale\" value=\"en_US\" \/><br \/>\n<input type=\"hidden\" name=\"_wpcf7_unit_tag\" value=\"wpcf7-f1266-o1\" \/><br \/>\n<input type=\"hidden\" name=\"_wpcf7_container_post\" value=\"0\" \/><br \/>\n<input type=\"hidden\" name=\"_wpcf7_posted_data_hash\" value=\"\" \/><\/p>\n<p><input size=\"40\" aria-required=\"true\" aria-invalid=\"false\" placeholder=\"Name\" value=\"\" type=\"text\" name=\"your-name\" \/>\n\t\t\t<\/p>\n<p><input size=\"40\" aria-required=\"true\" aria-invalid=\"false\" placeholder=\"Last Name\" value=\"\" type=\"text\" name=\"your-last-name\" \/>\n\t\t\t<\/p>\n<p><input size=\"40\" aria-required=\"true\" aria-invalid=\"false\" placeholder=\"Email\" value=\"\" type=\"email\" name=\"your-email\" \/>\n\t\t\t<\/p>\n<p><input size=\"40\" aria-required=\"true\" aria-invalid=\"false\" placeholder=\"Phone\" value=\"\" type=\"tel\" name=\"phone\" \/>\n\t\t\t<\/p>\n<p><textarea cols=\"40\" rows=\"10\" aria-required=\"true\" aria-invalid=\"false\" placeholder=\"Message\" name=\"your-message\"><\/textarea>\n\t\t\t<\/p>\n<p><input type=\"submit\" value=\"Get In Touch\" \/>\n\t<\/p>\n<\/form>\n","protected":false},"excerpt":{"rendered":"<p>Hor\u00e1rio de funcionamento Segunda a Sexta &#8211; Das 8H as 18HSabado e Domingo &#8211; Fechado Nosso endere\u00e7o Endere\u00e7o: Av. Duque de Caxias, 882 &#8211; Zona 01, Maring\u00e1 &#8211; PR, 87020-025&hellip;<\/p>\n","protected":false},"author":1,"featured_media":0,"parent":0,"menu_order":0,"comment_status":"closed","ping_status":"closed","template":"","meta":{"_eb_attr":"","_themeisle_gutenberg_block_has_review":false,"_joinchat":[],"footnotes":""},"class_list":["post-1453","page","type-page","status-publish","hentry"],"_links":{"self":[{"href":"https:\/\/rbkpositivo.com.br\/index.php?rest_route=\/wp\/v2\/pages\/1453","targetHints":{"allow":["GET"]}}],"collection":[{"href":"https:\/\/rbkpositivo.com.br\/index.php?rest_route=\/wp\/v2\/pages"}],"about":[{"href":"https:\/\/rbkpositivo.com.br\/index.php?rest_route=\/wp\/v2\/types\/page"}],"author":[{"embeddable":true,"href":"https:\/\/rbkpositivo.com.br\/index.php?rest_route=\/wp\/v2\/users\/1"}],"replies":[{"embeddable":true,"href":"https:\/\/rbkpositivo.com.br\/index.php?rest_route=%2Fwp%2Fv2%2Fcomments&post=1453"}],"version-history":[{"count":16,"href":"https:\/\/rbkpositivo.com.br\/index.php?rest_route=\/wp\/v2\/pages\/1453\/revisions"}],"predecessor-version":[{"id":22094,"href":"https:\/\/rbkpositivo.com.br\/index.php?rest_route=\/wp\/v2\/pages\/1453\/revisions\/22094"}],"wp:attachment":[{"href":"https:\/\/rbkpositivo.com.br\/index.php?rest_route=%2Fwp%2Fv2%2Fmedia&parent=1453"}],"curies":[{"name":"wp","href":"https:\/\/api.w.org\/{rel}","templated":true}]}}