{"id":21910,"date":"2023-05-02T21:43:29","date_gmt":"2023-05-03T00:43:29","guid":{"rendered":"https:\/\/rbkpositivo.com.br\/?page_id=21910"},"modified":"2023-11-14T11:05:51","modified_gmt":"2023-11-14T14:05:51","slug":"pj-decisor","status":"publish","type":"page","link":"https:\/\/rbkpositivo.com.br\/?page_id=21910","title":{"rendered":"Decisor PJ"},"content":{"rendered":"<p>SOLU\u00c7\u00d5ES RBK POSITIVO<\/p>\n<h1>RBK DECISOR PJ<\/h1>\n<p>A <strong>RBK Decisor PJ<\/strong> tem como objetivo dar uma vis\u00e3o \u00fanica e simplificada para auxiliar no ciclo de cr\u00e9dito, agilizando o processo, reduzindo riscos e os custos da opera\u00e7\u00e3o.<\/p>\n<p><strong>AN\u00c1LISE AUTOMATIZADA:<\/strong> Analise rapidamente grandes quantidades de dados financeiros e de comportamento de cr\u00e9dito tornando o processo de decis\u00e3o mais r\u00e1pido e eficiente.<\/p>\n<p><strong>CONSIST\u00caNCIA:<\/strong> Padronize o processo de decis\u00e3o, aplicando a mesma regra de decis\u00e3o a todas as solicita\u00e7\u00f5es, resultando em uma decis\u00e3o mais consistente e justa, garantindo crit\u00e9rios objetivos e previs\u00edveis.<\/p>\n<p><strong>AUMENTO DA EFICI\u00caNCIA:<\/strong> Acelere o processo de decis\u00e3o, aumentando a efici\u00eancia, possibilitando o atendimento a mais solicita\u00e7\u00f5es sem aumentar a equipe de an\u00e1lise.<\/p>\n<p><strong>REDU\u00c7\u00c3O DE RISCO:<\/strong> Reduza o risco de cr\u00e9dito ao avaliar o hist\u00f3rico financeiro e comportamento dos solicitantes<\/p>\n<p><strong>INTEGRA\u00c7\u00c3O DE DADOS:<\/strong> Integre ao seu Motor de Decis\u00e3o, como mais um crit\u00e9rio para a sua avalia\u00e7\u00e3o.<\/p>\n<h2>Dados Analisados<\/h2>\n<p><img loading=\"lazy\" decoding=\"async\" src=\"http:\/\/rbkpositivo.com.br\/wp-content\/uploads\/2023\/05\/elementosArtboard-222.png\" sizes=\"auto, (max-width: 630px) 100vw, 630px\" srcset=\"https:\/\/rbkpositivo.com.br\/wp-content\/uploads\/2023\/05\/elementosArtboard-222.png 630w, https:\/\/rbkpositivo.com.br\/wp-content\/uploads\/2023\/05\/elementosArtboard-222-270x300.png 270w, https:\/\/rbkpositivo.com.br\/wp-content\/uploads\/2023\/05\/elementosArtboard-222-370x411.png 370w, https:\/\/rbkpositivo.com.br\/wp-content\/uploads\/2023\/05\/elementosArtboard-222-410x456.png 410w\" alt=\"\" width=\"630\" height=\"700\" \/><\/p>\n<h3>Tem alguma d\u00favida?<br \/>\nChame nossa equipe<\/h3>\n<p><a role=\"button\" href=\"https:\/\/api.whatsapp.com\/send?phone=5508000061099&amp;text=Ol%C3%A1.%20Quero%20saber%20mais%20sobre%20as%20solu%C3%A7%C3%B5es%20da%20RBK%20Positivo.%20\" target=\"_blank\" rel=\"noopener\"><br \/>\nClique aqui<br \/>\n<\/a><\/p>\n","protected":false},"excerpt":{"rendered":"<p>SOLU\u00c7\u00d5ES RBK POSITIVO RBK DECISOR PJ A RBK Decisor PJ tem como objetivo dar uma vis\u00e3o \u00fanica e simplificada para auxiliar no ciclo de cr\u00e9dito, agilizando o processo, reduzindo riscos&hellip;<\/p>\n","protected":false},"author":1,"featured_media":0,"parent":0,"menu_order":0,"comment_status":"closed","ping_status":"closed","template":"","meta":{"_eb_attr":"","_themeisle_gutenberg_block_has_review":false,"_joinchat":[],"footnotes":""},"class_list":["post-21910","page","type-page","status-publish","hentry"],"_links":{"self":[{"href":"https:\/\/rbkpositivo.com.br\/index.php?rest_route=\/wp\/v2\/pages\/21910","targetHints":{"allow":["GET"]}}],"collection":[{"href":"https:\/\/rbkpositivo.com.br\/index.php?rest_route=\/wp\/v2\/pages"}],"about":[{"href":"https:\/\/rbkpositivo.com.br\/index.php?rest_route=\/wp\/v2\/types\/page"}],"author":[{"embeddable":true,"href":"https:\/\/rbkpositivo.com.br\/index.php?rest_route=\/wp\/v2\/users\/1"}],"replies":[{"embeddable":true,"href":"https:\/\/rbkpositivo.com.br\/index.php?rest_route=%2Fwp%2Fv2%2Fcomments&post=21910"}],"version-history":[{"count":12,"href":"https:\/\/rbkpositivo.com.br\/index.php?rest_route=\/wp\/v2\/pages\/21910\/revisions"}],"predecessor-version":[{"id":22335,"href":"https:\/\/rbkpositivo.com.br\/index.php?rest_route=\/wp\/v2\/pages\/21910\/revisions\/22335"}],"wp:attachment":[{"href":"https:\/\/rbkpositivo.com.br\/index.php?rest_route=%2Fwp%2Fv2%2Fmedia&parent=21910"}],"curies":[{"name":"wp","href":"https:\/\/api.w.org\/{rel}","templated":true}]}}